{"id":6092,"date":"2025-05-11T12:15:44","date_gmt":"2025-05-11T10:15:44","guid":{"rendered":"https:\/\/hazel.expert\/?page_id=6092"},"modified":"2025-05-24T15:40:31","modified_gmt":"2025-05-24T13:40:31","slug":"hub-alpitronic-warszawa","status":"publish","type":"page","link":"https:\/\/hazel.expert\/en\/realizacje\/hub-alpitronic-warszawa\/","title":{"rendered":"HUB Alpitronic Warszawa"},"content":{"rendered":"<div data-elementor-type=\"wp-page\" data-elementor-id=\"6092\" class=\"elementor elementor-6092\" data-elementor-post-type=\"page\">\n\t\t\t\t<div class=\"elementor-element elementor-element-b0ee031 e-flex e-con-boxed e-con e-parent\" data-id=\"b0ee031\" data-element_type=\"container\" data-e-type=\"container\" data-settings=\"{&quot;background_background&quot;:&quot;classic&quot;,&quot;jet_parallax_layout_list&quot;:[]}\">\n\t\t\t\t\t<div class=\"e-con-inner\">\n\t\t\t\t\t<\/div>\n\t\t\t\t<\/div>\n\t\t<div class=\"elementor-element elementor-element-5eb4c32 e-flex e-con-boxed e-con e-parent\" data-id=\"5eb4c32\" data-element_type=\"container\" data-e-type=\"container\" data-settings=\"{&quot;jet_parallax_layout_list&quot;:[]}\">\n\t\t\t\t\t<div class=\"e-con-inner\">\n\t\t<div class=\"elementor-element elementor-element-d3868db e-con-full e-flex e-con e-child\" data-id=\"d3868db\" data-element_type=\"container\" data-e-type=\"container\" data-settings=\"{&quot;background_background&quot;:&quot;classic&quot;,&quot;jet_parallax_layout_list&quot;:[]}\">\n\t\t\t\t<div class=\"elementor-element elementor-element-a245b96 elementor-widget elementor-widget-heading\" data-id=\"a245b96\" data-element_type=\"widget\" data-e-type=\"widget\" data-widget_type=\"heading.default\">\n\t\t\t\t<div class=\"elementor-widget-container\">\n\t\t\t\t\t<h1 class=\"elementor-heading-title elementor-size-default\">Fast Electric Vehicle Charging Stations \u2013 Alpitronic Hub in Warsaw<\/h1>\t\t\t\t<\/div>\n\t\t\t\t<\/div>\n\t\t\t\t<\/div>\n\t\t\t\t\t<\/div>\n\t\t\t\t<\/div>\n\t\t<div class=\"elementor-element elementor-element-2196f63 e-flex e-con-boxed e-con e-parent\" data-id=\"2196f63\" data-element_type=\"container\" data-e-type=\"container\" data-settings=\"{&quot;jet_parallax_layout_list&quot;:[]}\">\n\t\t\t\t\t<div class=\"e-con-inner\">\n\t\t<div class=\"elementor-element elementor-element-a4bf839 e-con-full e-flex e-con e-child\" data-id=\"a4bf839\" data-element_type=\"container\" data-e-type=\"container\" data-settings=\"{&quot;jet_parallax_layout_list&quot;:[]}\">\n\t\t\t\t<div class=\"elementor-element elementor-element-1917d3d elementor-widget elementor-widget-text-editor\" data-id=\"1917d3d\" data-element_type=\"widget\" data-e-type=\"widget\" data-widget_type=\"text-editor.default\">\n\t\t\t\t<div class=\"elementor-widget-container\">\n\t\t\t\t\t\t\t\t\t<p><span style=\"font-weight: 400;\">The charging stations located at Aleje Jerozolimskie 185 in Warsaw are a\ncomprehensive project that combines functionality with real business value. Situated\nin the car park in front of the Home Concept Interior Design Gallery, they not only\nhelp the property manager meet regulatory requirements but also create a profitable\nbusiness model. How was this investment brought to life \u2013 from the design stage,\nthrough construction and commissioning, to the organization of EV charging for end\nusers? We cover it all in this article.<\/span><\/p>\t\t\t\t\t\t\t\t<\/div>\n\t\t\t\t<\/div>\n\t\t\t\t<div class=\"elementor-element elementor-element-ce9886b elementor-widget elementor-widget-heading\" data-id=\"ce9886b\" data-element_type=\"widget\" data-e-type=\"widget\" data-widget_type=\"heading.default\">\n\t\t\t\t<div class=\"elementor-widget-container\">\n\t\t\t\t\t<h2 class=\"elementor-heading-title elementor-size-default\">Project Delivery<\/h2>\t\t\t\t<\/div>\n\t\t\t\t<\/div>\n\t\t\t\t<div class=\"elementor-element elementor-element-e2fb0fe elementor-widget elementor-widget-text-editor\" data-id=\"e2fb0fe\" data-element_type=\"widget\" data-e-type=\"widget\" data-widget_type=\"text-editor.default\">\n\t\t\t\t<div class=\"elementor-widget-container\">\n\t\t\t\t\t\t\t\t\t<p><span style=\"font-weight: 400;\">We proudly present our fast-charging hub \u2013 fully designed, built, and launched by us.\nWe are responsible for every stage of the project \u2013 from concept and design, through\ninstallation, to operation and maintenance. This is what sets us apart from the\ncompetition \u2013 we don\u2019t outsource the work to external companies, but implement our\nsolutions ourselves, based on practical experience and in-depth knowledge of the\ntechnology.<\/span><\/p><p><span style=\"font-weight: 400;\">Our hub is located in the heart of Warsaw, in front of the Home Concept interior\ndesign gallery on Aleje Jerozolimskie. It offers three state-of-the-art Alpitronic\ncharging stations \u2013 two with a capacity of 150 kW and one with 200 kW. The\ninnovative technology behind these chargers ensures fast and convenient EV\ncharging, making our hub a key point on the capital\u2019s electromobility map.<\/span><\/p>\t\t\t\t\t\t\t\t<\/div>\n\t\t\t\t<\/div>\n\t\t\t\t<div class=\"elementor-element elementor-element-6735e1a elementor-widget elementor-widget-gallery\" data-id=\"6735e1a\" data-element_type=\"widget\" data-e-type=\"widget\" data-settings=\"{&quot;gap&quot;:{&quot;unit&quot;:&quot;px&quot;,&quot;size&quot;:16,&quot;sizes&quot;:[]},&quot;aspect_ratio&quot;:&quot;4:3&quot;,&quot;lazyload&quot;:&quot;yes&quot;,&quot;gallery_layout&quot;:&quot;grid&quot;,&quot;columns&quot;:4,&quot;columns_tablet&quot;:2,&quot;columns_mobile&quot;:1,&quot;gap_tablet&quot;:{&quot;unit&quot;:&quot;px&quot;,&quot;size&quot;:10,&quot;sizes&quot;:[]},&quot;gap_mobile&quot;:{&quot;unit&quot;:&quot;px&quot;,&quot;size&quot;:10,&quot;sizes&quot;:[]},&quot;link_to&quot;:&quot;file&quot;,&quot;overlay_background&quot;:&quot;yes&quot;,&quot;content_hover_animation&quot;:&quot;fade-in&quot;}\" data-widget_type=\"gallery.default\">\n\t\t\t\t<div class=\"elementor-widget-container\">\n\t\t\t\t\t\t\t<div class=\"elementor-gallery__container\">\n\t\t\t\t\t\t\t<a class=\"e-gallery-item elementor-gallery-item elementor-animated-content\" href=\"https:\/\/hazel.expert\/wp-content\/uploads\/2025\/05\/DJI_0665.jpg\" data-elementor-open-lightbox=\"yes\" data-elementor-lightbox-slideshow=\"6735e1a\" data-elementor-lightbox-title=\"default\" data-e-action-hash=\"#elementor-action%3Aaction%3Dlightbox%26settings%3DeyJpZCI6NjE0NCwidXJsIjoiaHR0cHM6XC9cL2hhemVsLmV4cGVydFwvd3AtY29udGVudFwvdXBsb2Fkc1wvMjAyNVwvMDVcL0RKSV8wNjY1LmpwZyIsInNsaWRlc2hvdyI6IjY3MzVlMWEifQ%3D%3D\">\n\t\t\t\t\t<div class=\"e-gallery-image elementor-gallery-item__image\" data-thumbnail=\"https:\/\/hazel.expert\/wp-content\/uploads\/2025\/05\/DJI_0665-768x432.jpg\" data-width=\"768\" data-height=\"432\" aria-label=\"\" role=\"img\" ><\/div>\n\t\t\t\t\t\t\t\t\t\t\t<div class=\"elementor-gallery-item__overlay\"><\/div>\n\t\t\t\t\t\t\t\t\t\t\t\t\t\t<\/a>\n\t\t\t\t\t\t\t<a class=\"e-gallery-item elementor-gallery-item elementor-animated-content\" href=\"https:\/\/hazel.expert\/wp-content\/uploads\/2025\/05\/DSC02444.jpg\" data-elementor-open-lightbox=\"yes\" data-elementor-lightbox-slideshow=\"6735e1a\" data-elementor-lightbox-title=\"DSC02444\" data-e-action-hash=\"#elementor-action%3Aaction%3Dlightbox%26settings%3DeyJpZCI6NjE0NSwidXJsIjoiaHR0cHM6XC9cL2hhemVsLmV4cGVydFwvd3AtY29udGVudFwvdXBsb2Fkc1wvMjAyNVwvMDVcL0RTQzAyNDQ0LmpwZyIsInNsaWRlc2hvdyI6IjY3MzVlMWEifQ%3D%3D\">\n\t\t\t\t\t<div class=\"e-gallery-image elementor-gallery-item__image\" data-thumbnail=\"https:\/\/hazel.expert\/wp-content\/uploads\/2025\/05\/DSC02444-768x1365.jpg\" data-width=\"768\" data-height=\"1365\" aria-label=\"\" role=\"img\" ><\/div>\n\t\t\t\t\t\t\t\t\t\t\t<div class=\"elementor-gallery-item__overlay\"><\/div>\n\t\t\t\t\t\t\t\t\t\t\t\t\t\t<\/a>\n\t\t\t\t\t\t\t<a class=\"e-gallery-item elementor-gallery-item elementor-animated-content\" href=\"https:\/\/hazel.expert\/wp-content\/uploads\/2025\/05\/DSC02451.jpg\" data-elementor-open-lightbox=\"yes\" data-elementor-lightbox-slideshow=\"6735e1a\" data-elementor-lightbox-title=\"DSC02451\" data-e-action-hash=\"#elementor-action%3Aaction%3Dlightbox%26settings%3DeyJpZCI6NjE0NiwidXJsIjoiaHR0cHM6XC9cL2hhemVsLmV4cGVydFwvd3AtY29udGVudFwvdXBsb2Fkc1wvMjAyNVwvMDVcL0RTQzAyNDUxLmpwZyIsInNsaWRlc2hvdyI6IjY3MzVlMWEifQ%3D%3D\">\n\t\t\t\t\t<div class=\"e-gallery-image elementor-gallery-item__image\" data-thumbnail=\"https:\/\/hazel.expert\/wp-content\/uploads\/2025\/05\/DSC02451-768x1366.jpg\" data-width=\"768\" data-height=\"1366\" aria-label=\"\" role=\"img\" ><\/div>\n\t\t\t\t\t\t\t\t\t\t\t<div class=\"elementor-gallery-item__overlay\"><\/div>\n\t\t\t\t\t\t\t\t\t\t\t\t\t\t<\/a>\n\t\t\t\t\t\t\t<a class=\"e-gallery-item elementor-gallery-item elementor-animated-content\" href=\"https:\/\/hazel.expert\/wp-content\/uploads\/2025\/05\/DSC02453.jpg\" data-elementor-open-lightbox=\"yes\" data-elementor-lightbox-slideshow=\"6735e1a\" data-elementor-lightbox-title=\"DSC02453\" data-e-action-hash=\"#elementor-action%3Aaction%3Dlightbox%26settings%3DeyJpZCI6NjE0NywidXJsIjoiaHR0cHM6XC9cL2hhemVsLmV4cGVydFwvd3AtY29udGVudFwvdXBsb2Fkc1wvMjAyNVwvMDVcL0RTQzAyNDUzLmpwZyIsInNsaWRlc2hvdyI6IjY3MzVlMWEifQ%3D%3D\">\n\t\t\t\t\t<div class=\"e-gallery-image elementor-gallery-item__image\" data-thumbnail=\"https:\/\/hazel.expert\/wp-content\/uploads\/2025\/05\/DSC02453-768x1366.jpg\" data-width=\"768\" data-height=\"1366\" aria-label=\"\" role=\"img\" ><\/div>\n\t\t\t\t\t\t\t\t\t\t\t<div class=\"elementor-gallery-item__overlay\"><\/div>\n\t\t\t\t\t\t\t\t\t\t\t\t\t\t<\/a>\n\t\t\t\t\t\t\t<a class=\"e-gallery-item elementor-gallery-item elementor-animated-content\" href=\"https:\/\/hazel.expert\/wp-content\/uploads\/2025\/05\/DSC02507.jpg\" data-elementor-open-lightbox=\"yes\" data-elementor-lightbox-slideshow=\"6735e1a\" data-elementor-lightbox-title=\"DSC02507\" data-e-action-hash=\"#elementor-action%3Aaction%3Dlightbox%26settings%3DeyJpZCI6NjE0OCwidXJsIjoiaHR0cHM6XC9cL2hhemVsLmV4cGVydFwvd3AtY29udGVudFwvdXBsb2Fkc1wvMjAyNVwvMDVcL0RTQzAyNTA3LmpwZyIsInNsaWRlc2hvdyI6IjY3MzVlMWEifQ%3D%3D\">\n\t\t\t\t\t<div class=\"e-gallery-image elementor-gallery-item__image\" data-thumbnail=\"https:\/\/hazel.expert\/wp-content\/uploads\/2025\/05\/DSC02507-768x432.jpg\" data-width=\"768\" data-height=\"432\" aria-label=\"\" role=\"img\" ><\/div>\n\t\t\t\t\t\t\t\t\t\t\t<div class=\"elementor-gallery-item__overlay\"><\/div>\n\t\t\t\t\t\t\t\t\t\t\t\t\t\t<\/a>\n\t\t\t\t\t\t\t<a class=\"e-gallery-item elementor-gallery-item elementor-animated-content\" href=\"https:\/\/hazel.expert\/wp-content\/uploads\/2025\/05\/DSC02513.jpg\" data-elementor-open-lightbox=\"yes\" data-elementor-lightbox-slideshow=\"6735e1a\" data-elementor-lightbox-title=\"DSC02513\" data-e-action-hash=\"#elementor-action%3Aaction%3Dlightbox%26settings%3DeyJpZCI6NjE0OSwidXJsIjoiaHR0cHM6XC9cL2hhemVsLmV4cGVydFwvd3AtY29udGVudFwvdXBsb2Fkc1wvMjAyNVwvMDVcL0RTQzAyNTEzLmpwZyIsInNsaWRlc2hvdyI6IjY3MzVlMWEifQ%3D%3D\">\n\t\t\t\t\t<div class=\"e-gallery-image elementor-gallery-item__image\" data-thumbnail=\"https:\/\/hazel.expert\/wp-content\/uploads\/2025\/05\/DSC02513-768x1366.jpg\" data-width=\"768\" data-height=\"1366\" aria-label=\"\" role=\"img\" ><\/div>\n\t\t\t\t\t\t\t\t\t\t\t<div class=\"elementor-gallery-item__overlay\"><\/div>\n\t\t\t\t\t\t\t\t\t\t\t\t\t\t<\/a>\n\t\t\t\t\t\t\t<a class=\"e-gallery-item elementor-gallery-item elementor-animated-content\" href=\"https:\/\/hazel.expert\/wp-content\/uploads\/2025\/05\/DSC02515.jpg\" data-elementor-open-lightbox=\"yes\" data-elementor-lightbox-slideshow=\"6735e1a\" data-elementor-lightbox-title=\"DSC02515\" data-e-action-hash=\"#elementor-action%3Aaction%3Dlightbox%26settings%3DeyJpZCI6NjE1MCwidXJsIjoiaHR0cHM6XC9cL2hhemVsLmV4cGVydFwvd3AtY29udGVudFwvdXBsb2Fkc1wvMjAyNVwvMDVcL0RTQzAyNTE1LmpwZyIsInNsaWRlc2hvdyI6IjY3MzVlMWEifQ%3D%3D\">\n\t\t\t\t\t<div class=\"e-gallery-image elementor-gallery-item__image\" data-thumbnail=\"https:\/\/hazel.expert\/wp-content\/uploads\/2025\/05\/DSC02515-768x1366.jpg\" data-width=\"768\" data-height=\"1366\" aria-label=\"\" role=\"img\" ><\/div>\n\t\t\t\t\t\t\t\t\t\t\t<div class=\"elementor-gallery-item__overlay\"><\/div>\n\t\t\t\t\t\t\t\t\t\t\t\t\t\t<\/a>\n\t\t\t\t\t\t\t<a class=\"e-gallery-item elementor-gallery-item elementor-animated-content\" href=\"https:\/\/hazel.expert\/wp-content\/uploads\/2025\/05\/DSC02561.jpg\" data-elementor-open-lightbox=\"yes\" data-elementor-lightbox-slideshow=\"6735e1a\" data-elementor-lightbox-title=\"DSC02561\" data-e-action-hash=\"#elementor-action%3Aaction%3Dlightbox%26settings%3DeyJpZCI6NjE1MSwidXJsIjoiaHR0cHM6XC9cL2hhemVsLmV4cGVydFwvd3AtY29udGVudFwvdXBsb2Fkc1wvMjAyNVwvMDVcL0RTQzAyNTYxLmpwZyIsInNsaWRlc2hvdyI6IjY3MzVlMWEifQ%3D%3D\">\n\t\t\t\t\t<div class=\"e-gallery-image elementor-gallery-item__image\" data-thumbnail=\"https:\/\/hazel.expert\/wp-content\/uploads\/2025\/05\/DSC02561-768x432.jpg\" data-width=\"768\" data-height=\"432\" aria-label=\"\" role=\"img\" ><\/div>\n\t\t\t\t\t\t\t\t\t\t\t<div class=\"elementor-gallery-item__overlay\"><\/div>\n\t\t\t\t\t\t\t\t\t\t\t\t\t\t<\/a>\n\t\t\t\t\t\t\t<a class=\"e-gallery-item elementor-gallery-item elementor-animated-content\" href=\"https:\/\/hazel.expert\/wp-content\/uploads\/2025\/05\/DSC02584.jpg\" data-elementor-open-lightbox=\"yes\" data-elementor-lightbox-slideshow=\"6735e1a\" data-elementor-lightbox-title=\"DSC02584\" data-e-action-hash=\"#elementor-action%3Aaction%3Dlightbox%26settings%3DeyJpZCI6NjE1MiwidXJsIjoiaHR0cHM6XC9cL2hhemVsLmV4cGVydFwvd3AtY29udGVudFwvdXBsb2Fkc1wvMjAyNVwvMDVcL0RTQzAyNTg0LmpwZyIsInNsaWRlc2hvdyI6IjY3MzVlMWEifQ%3D%3D\">\n\t\t\t\t\t<div class=\"e-gallery-image elementor-gallery-item__image\" data-thumbnail=\"https:\/\/hazel.expert\/wp-content\/uploads\/2025\/05\/DSC02584-768x1366.jpg\" data-width=\"768\" data-height=\"1366\" aria-label=\"\" role=\"img\" ><\/div>\n\t\t\t\t\t\t\t\t\t\t\t<div class=\"elementor-gallery-item__overlay\"><\/div>\n\t\t\t\t\t\t\t\t\t\t\t\t\t\t<\/a>\n\t\t\t\t\t<\/div>\n\t\t\t\t\t<\/div>\n\t\t\t\t<\/div>\n\t\t\t\t<div class=\"elementor-element elementor-element-dcee813 elementor-widget elementor-widget-heading\" data-id=\"dcee813\" data-element_type=\"widget\" data-e-type=\"widget\" data-widget_type=\"heading.default\">\n\t\t\t\t<div class=\"elementor-widget-container\">\n\t\t\t\t\t<h2 class=\"elementor-heading-title elementor-size-default\">Our Business Model<\/h2>\t\t\t\t<\/div>\n\t\t\t\t<\/div>\n\t\t\t\t<div class=\"elementor-element elementor-element-ec531a8 elementor-widget elementor-widget-text-editor\" data-id=\"ec531a8\" data-element_type=\"widget\" data-e-type=\"widget\" data-widget_type=\"text-editor.default\">\n\t\t\t\t<div class=\"elementor-widget-container\">\n\t\t\t\t\t\t\t\t\t<p><span style=\"font-weight: 400;\">Our charging hub is not only a convenient place for electric vehicle users, but also a\nbusiness model that delivers benefits to all stakeholders.<\/span><\/p><ul><li style=\"font-weight: 400;\" aria-level=\"1\"><span style=\"font-weight: 400;\">For the property owner \u2013 leasing parking spaces for charging stations\ngenerates additional revenue and increases the site\u2019s attractiveness.<\/span><\/li><li style=\"font-weight: 400;\" aria-level=\"1\"><span style=\"font-weight: 400;\">For our company, Hazel \u2013 as the owner and operator of the stations, we earn\nrevenue from charging sessions.<\/span><\/li><li style=\"font-weight: 400;\" aria-level=\"1\"><span style=\"font-weight: 400;\">For drivers \u2013 the ability to conveniently charge their vehicles while shopping\nsaves time and enhances user comfort.<\/span><\/li><\/ul><p><span style=\"font-weight: 400;\">What\u2019s more, our stations help the facility owner comply with the Polish Act of 11\nJanuary 2018 on Electromobility and Alternative Fuels, which requires managers of\nlarge buildings to provide a certain number of EV charging points.<\/span><\/p>\t\t\t\t\t\t\t\t<\/div>\n\t\t\t\t<\/div>\n\t\t\t\t<div class=\"elementor-element elementor-element-2173437 elementor-widget elementor-widget-heading\" data-id=\"2173437\" data-element_type=\"widget\" data-e-type=\"widget\" data-widget_type=\"heading.default\">\n\t\t\t\t<div class=\"elementor-widget-container\">\n\t\t\t\t\t<h2 class=\"elementor-heading-title elementor-size-default\">Comprehensive Project Delivery \u2013 from Design to Ongoing Service<\/h2>\t\t\t\t<\/div>\n\t\t\t\t<\/div>\n\t\t\t\t<div class=\"elementor-element elementor-element-88056b8 elementor-widget elementor-widget-text-editor\" data-id=\"88056b8\" data-element_type=\"widget\" data-e-type=\"widget\" data-widget_type=\"text-editor.default\">\n\t\t\t\t<div class=\"elementor-widget-container\">\n\t\t\t\t\t\t\t\t\t<p><span style=\"font-weight: 400;\">As a company specializing in the construction of charging hubs, we provide full-scope\ninvestment support \u2013 from location analysis and project design, through installation\nand commissioning, to maintenance and servicing. This approach ensures the\nhighest quality, safety, and reliability of our charging infrastructure.<\/span><\/p><p><span style=\"font-weight: 400;\">Our competitive edge lies not only in being an authorized distributor of the renowned\nAlpitronic chargers but also in our hands-on experience and full control over every\nstage of the process. We know how to design and deliver EV charging projects that\noperate efficiently and generate value for both users and investors.<\/span><\/p>\t\t\t\t\t\t\t\t<\/div>\n\t\t\t\t<\/div>\n\t\t\t\t<div class=\"elementor-element elementor-element-5182037 elementor-widget elementor-widget-heading\" data-id=\"5182037\" data-element_type=\"widget\" data-e-type=\"widget\" data-widget_type=\"heading.default\">\n\t\t\t\t<div class=\"elementor-widget-container\">\n\t\t\t\t\t<h2 class=\"elementor-heading-title elementor-size-default\">Why choose our charging stations?<\/h2>\t\t\t\t<\/div>\n\t\t\t\t<\/div>\n\t\t\t\t<div class=\"elementor-element elementor-element-3c259a5 elementor-widget elementor-widget-text-editor\" data-id=\"3c259a5\" data-element_type=\"widget\" data-e-type=\"widget\" data-widget_type=\"text-editor.default\">\n\t\t\t\t<div class=\"elementor-widget-container\">\n\t\t\t\t\t\t\t\t\t<ul><li style=\"font-weight: 400;\" aria-level=\"1\"><span style=\"font-weight: 400;\">Cutting-edge technology \u2013 Alpitronic charging stations offer high\nperformance and ultra-fast charging.<\/span><\/li><li style=\"font-weight: 400;\" aria-level=\"1\"><span style=\"font-weight: 400;\">Flexibility \u2013 they are compatible with a wide range of electric vehicles.<\/span><\/li><li style=\"font-weight: 400;\" aria-level=\"1\"><span style=\"font-weight: 400;\">End-to-end service \u2013 we take care of everything: construction, installation,\ncommissioning, and maintenance.<\/span><\/li><li style=\"font-weight: 400;\" aria-level=\"1\"><span style=\"font-weight: 400;\">Extra income for property owners \u2013 leasing parking spaces for EV stations\ngenerates additional revenue.<\/span><\/li><li style=\"font-weight: 400;\" aria-level=\"1\"><span style=\"font-weight: 400;\">Trust and expertise \u2013 as an Alpitronic distributor, we guarantee the quality\nand reliability of every installation.<\/span><\/li><li style=\"font-weight: 400;\" aria-level=\"1\"><span style=\"font-weight: 400;\">Hands-on experience \u2013 we not only build but also operate charging\ninfrastructure, ensuring the highest service standards.<\/span><\/li><\/ul><p><span style=\"font-weight: 400;\">If you&#039;re looking for a reliable partner for building EV charging hubs \u2013 get in touch\nwith us. Our experience and commitment allow us to offer the best solutions tailored\nto the evolving electromobility market.<\/span><\/p>\t\t\t\t\t\t\t\t<\/div>\n\t\t\t\t<\/div>\n\t\t\t\t<div class=\"elementor-element elementor-element-750514f elementor-widget elementor-widget-heading\" data-id=\"750514f\" data-element_type=\"widget\" data-e-type=\"widget\" data-widget_type=\"heading.default\">\n\t\t\t\t<div class=\"elementor-widget-container\">\n\t\t\t\t\t<h2 class=\"elementor-heading-title elementor-size-default\">Summary<\/h2>\t\t\t\t<\/div>\n\t\t\t\t<\/div>\n\t\t\t\t<div class=\"elementor-element elementor-element-ba0e34d elementor-widget elementor-widget-text-editor\" data-id=\"ba0e34d\" data-element_type=\"widget\" data-e-type=\"widget\" data-widget_type=\"text-editor.default\">\n\t\t\t\t<div class=\"elementor-widget-container\">\n\t\t\t\t\t\t\t\t\t<p><span style=\"font-weight: 400;\">The fast-charging hub in Warsaw is not only a convenient location for electric vehicle\nusers but also a profitable investment for the Home Concept Interior Design Gallery.\nWe lease the parking spaces from the property manager, enabling them to generate\nextra income from spaces that now serve both as parking and EV charging points.\nThis allows the property manager to benefit financially while providing users with\nmodern, reliable charging infrastructure.<\/span><\/p>\t\t\t\t\t\t\t\t<\/div>\n\t\t\t\t<\/div>\n\t\t\t\t<\/div>\n\t\t\t\t\t<\/div>\n\t\t\t\t<\/div>\n\t\t\t\t<\/div>","protected":false},"excerpt":{"rendered":"<p>Szybkie stacje \u0142adowania pojazd\u00f3w elektrycznych &#8211; HUB Alpitronic Warszawa Stacje \u0142adowania w Warszawie przy Al. Jerozolimskich 185 to kompleksowy projekt, kt\u00f3ry \u0142\u0105czy funkcjonalno\u015b\u0107 z realnymi korzy\u015bciami. Zlokalizowane na parkingu przed Galeri\u0105 Wn\u0119trz Home Concept, nie tylko umo\u017cliwiaj\u0105 zarz\u0105dcy budynku spe\u0142nienie wymog\u00f3w prawnych, ale r\u00f3wnie\u017c tworz\u0105 dochodowy model biznesowy. Jak w praktyce wygl\u0105da\u0142a realizacja tej inwestycji [&hellip;]<\/p>\n","protected":false},"author":1,"featured_media":0,"parent":5289,"menu_order":0,"comment_status":"closed","ping_status":"closed","template":"","meta":{"footnotes":""},"class_list":["post-6092","page","type-page","status-publish","hentry"],"_links":{"self":[{"href":"https:\/\/hazel.expert\/en\/wp-json\/wp\/v2\/pages\/6092","targetHints":{"allow":["GET"]}}],"collection":[{"href":"https:\/\/hazel.expert\/en\/wp-json\/wp\/v2\/pages"}],"about":[{"href":"https:\/\/hazel.expert\/en\/wp-json\/wp\/v2\/types\/page"}],"author":[{"embeddable":true,"href":"https:\/\/hazel.expert\/en\/wp-json\/wp\/v2\/users\/1"}],"replies":[{"embeddable":true,"href":"https:\/\/hazel.expert\/en\/wp-json\/wp\/v2\/comments?post=6092"}],"version-history":[{"count":28,"href":"https:\/\/hazel.expert\/en\/wp-json\/wp\/v2\/pages\/6092\/revisions"}],"predecessor-version":[{"id":6156,"href":"https:\/\/hazel.expert\/en\/wp-json\/wp\/v2\/pages\/6092\/revisions\/6156"}],"up":[{"embeddable":true,"href":"https:\/\/hazel.expert\/en\/wp-json\/wp\/v2\/pages\/5289"}],"wp:attachment":[{"href":"https:\/\/hazel.expert\/en\/wp-json\/wp\/v2\/media?parent=6092"}],"curies":[{"name":"wp","href":"https:\/\/api.w.org\/{rel}","templated":true}]}}