{"id":6157,"date":"2025-05-24T16:07:08","date_gmt":"2025-05-24T14:07:08","guid":{"rendered":"https:\/\/hazel.expert\/?page_id=6157"},"modified":"2025-06-25T09:35:16","modified_gmt":"2025-06-25T07:35:16","slug":"hub-alpitronic-w-katowicach","status":"publish","type":"page","link":"https:\/\/hazel.expert\/en\/realizacje\/hub-alpitronic-w-katowicach\/","title":{"rendered":"Fast Electric Vehicle Charging Stations \u2013 Alpitronic HUB in Katowice"},"content":{"rendered":"<div data-elementor-type=\"wp-page\" data-elementor-id=\"6157\" class=\"elementor elementor-6157\" data-elementor-post-type=\"page\">\n\t\t\t\t<div class=\"elementor-element elementor-element-f80e9c4 e-flex e-con-boxed e-con e-parent\" data-id=\"f80e9c4\" data-element_type=\"container\" data-e-type=\"container\" data-settings=\"{&quot;background_background&quot;:&quot;classic&quot;,&quot;jet_parallax_layout_list&quot;:[]}\">\n\t\t\t\t\t<div class=\"e-con-inner\">\n\t\t\t\t\t<\/div>\n\t\t\t\t<\/div>\n\t\t<div class=\"elementor-element elementor-element-d9b37b2 e-flex e-con-boxed e-con e-parent\" data-id=\"d9b37b2\" data-element_type=\"container\" data-e-type=\"container\" data-settings=\"{&quot;jet_parallax_layout_list&quot;:[]}\">\n\t\t\t\t\t<div class=\"e-con-inner\">\n\t\t<div class=\"elementor-element elementor-element-154b72f e-con-full e-flex e-con e-child\" data-id=\"154b72f\" data-element_type=\"container\" data-e-type=\"container\" data-settings=\"{&quot;background_background&quot;:&quot;classic&quot;,&quot;jet_parallax_layout_list&quot;:[]}\">\n\t\t\t\t<div class=\"elementor-element elementor-element-757d977 elementor-widget elementor-widget-heading\" data-id=\"757d977\" data-element_type=\"widget\" data-e-type=\"widget\" data-widget_type=\"heading.default\">\n\t\t\t\t<div class=\"elementor-widget-container\">\n\t\t\t\t\t<h1 class=\"elementor-heading-title elementor-size-default\">Fast Electric Vehicle Charging Stations \u2013 Alpitronic HUB in Katowice<\/h1>\t\t\t\t<\/div>\n\t\t\t\t<\/div>\n\t\t\t\t<\/div>\n\t\t\t\t\t<\/div>\n\t\t\t\t<\/div>\n\t\t<div class=\"elementor-element elementor-element-3414a4a e-flex e-con-boxed e-con e-parent\" data-id=\"3414a4a\" data-element_type=\"container\" data-e-type=\"container\" data-settings=\"{&quot;jet_parallax_layout_list&quot;:[]}\">\n\t\t\t\t\t<div class=\"e-con-inner\">\n\t\t<div class=\"elementor-element elementor-element-63f2d34 e-con-full e-flex e-con e-child\" data-id=\"63f2d34\" data-element_type=\"container\" data-e-type=\"container\" data-settings=\"{&quot;jet_parallax_layout_list&quot;:[]}\">\n\t\t\t\t<div class=\"elementor-element elementor-element-db7b491 elementor-widget elementor-widget-text-editor\" data-id=\"db7b491\" data-element_type=\"widget\" data-e-type=\"widget\" data-widget_type=\"text-editor.default\">\n\t\t\t\t<div class=\"elementor-widget-container\">\n\t\t\t\t\t\t\t\t\t<p><span style=\"font-weight: 400;\">The EV charging stations located just behind the Home Concept interior design gallery in Katowice (Al. Ro\u017adzie\u0144skiego 191) represent a comprehensive investment that combines modern infrastructure with tangible business benefits. Situated directly next to the S86 expressway and surrounded by major shopping centres, the site offers a convenient charging point for both long-distance travellers and local drivers.<\/span><\/p><p><span style=\"font-weight: 400;\">For the owner of the gallery, this project is more than just an added amenity \u2013 it enhances the property's attractiveness, helps attract new visitors, generates a steady income from land lease, and contributes to meeting legal requirements related to the development of e-mobility infrastructure.<\/span><\/p><p><span style=\"font-weight: 400;\">At Hazel, we handled the investment end to end \u2013 from the initial concept, through design and construction, to installation and commissioning of the charging stations. This project allowed us to gain valuable experience that we now share with partners planning to develop their own EV charging networks.<\/span><\/p>\t\t\t\t\t\t\t\t<\/div>\n\t\t\t\t<\/div>\n\t\t\t\t<div class=\"elementor-element elementor-element-59b863c elementor-widget elementor-widget-heading\" data-id=\"59b863c\" data-element_type=\"widget\" data-e-type=\"widget\" data-widget_type=\"heading.default\">\n\t\t\t\t<div class=\"elementor-widget-container\">\n\t\t\t\t\t<h2 class=\"elementor-heading-title elementor-size-default\">Modern, Scalable Charging Infrastructure<\/h2>\t\t\t\t<\/div>\n\t\t\t\t<\/div>\n\t\t\t\t<div class=\"elementor-element elementor-element-40828c8 elementor-widget elementor-widget-text-editor\" data-id=\"40828c8\" data-element_type=\"widget\" data-e-type=\"widget\" data-widget_type=\"text-editor.default\">\n\t\t\t\t<div class=\"elementor-widget-container\">\n\t\t\t\t\t\t\t\t\t<p><span style=\"font-weight: 400;\">The Katowice hub features two Alpitronic Hypercharger HYC150 DC fast charging stations, each offering 150 kW of power. With two charging points per station, up to four electric vehicles can be charged simultaneously. Importantly, the entire site was designed with future expansion in mind. Space has already been allocated for a third charging station, allowing for a flexible increase in capacity and throughput as demand grows.<\/span><\/p><p><span style=\"font-weight: 400;\">This forward-thinking approach \u2013 scalability, anticipation of growing user needs, and readiness for future development \u2013 is the cornerstone of any well-planned investment in e-mobility. At Hazel, we fully understand these needs and ensure that our solutions are not only effective today, but also built to support the long-term evolution of the market and infrastructure.<\/span><\/p>\t\t\t\t\t\t\t\t<\/div>\n\t\t\t\t<\/div>\n\t\t\t\t<div class=\"elementor-element elementor-element-1e3484d elementor-widget elementor-widget-gallery\" data-id=\"1e3484d\" data-element_type=\"widget\" data-e-type=\"widget\" data-settings=\"{&quot;gap&quot;:{&quot;unit&quot;:&quot;px&quot;,&quot;size&quot;:16,&quot;sizes&quot;:[]},&quot;aspect_ratio&quot;:&quot;4:3&quot;,&quot;lazyload&quot;:&quot;yes&quot;,&quot;gallery_layout&quot;:&quot;grid&quot;,&quot;columns&quot;:4,&quot;columns_tablet&quot;:2,&quot;columns_mobile&quot;:1,&quot;gap_tablet&quot;:{&quot;unit&quot;:&quot;px&quot;,&quot;size&quot;:10,&quot;sizes&quot;:[]},&quot;gap_mobile&quot;:{&quot;unit&quot;:&quot;px&quot;,&quot;size&quot;:10,&quot;sizes&quot;:[]},&quot;link_to&quot;:&quot;file&quot;,&quot;overlay_background&quot;:&quot;yes&quot;,&quot;content_hover_animation&quot;:&quot;fade-in&quot;}\" data-widget_type=\"gallery.default\">\n\t\t\t\t<div class=\"elementor-widget-container\">\n\t\t\t\t\t\t\t<div class=\"elementor-gallery__container\">\n\t\t\t\t\t\t\t<a class=\"e-gallery-item elementor-gallery-item elementor-animated-content\" href=\"https:\/\/hazel.expert\/wp-content\/uploads\/2025\/05\/DJI_0809.jpg\" data-elementor-open-lightbox=\"yes\" data-elementor-lightbox-slideshow=\"1e3484d\" data-elementor-lightbox-title=\"DJI_0809\" data-e-action-hash=\"#elementor-action%3Aaction%3Dlightbox%26settings%3DeyJpZCI6NjE2NiwidXJsIjoiaHR0cHM6XC9cL2hhemVsLmV4cGVydFwvd3AtY29udGVudFwvdXBsb2Fkc1wvMjAyNVwvMDVcL0RKSV8wODA5LmpwZyIsInNsaWRlc2hvdyI6IjFlMzQ4NGQifQ%3D%3D\">\n\t\t\t\t\t<div class=\"e-gallery-image elementor-gallery-item__image\" data-thumbnail=\"https:\/\/hazel.expert\/wp-content\/uploads\/2025\/05\/DJI_0809-768x431.jpg\" data-width=\"768\" data-height=\"431\" aria-label=\"\" role=\"img\" ><\/div>\n\t\t\t\t\t\t\t\t\t\t\t<div class=\"elementor-gallery-item__overlay\"><\/div>\n\t\t\t\t\t\t\t\t\t\t\t\t\t\t<\/a>\n\t\t\t\t\t\t\t<a class=\"e-gallery-item elementor-gallery-item elementor-animated-content\" href=\"https:\/\/hazel.expert\/wp-content\/uploads\/2025\/05\/DSC00519.jpg\" data-elementor-open-lightbox=\"yes\" data-elementor-lightbox-slideshow=\"1e3484d\" data-elementor-lightbox-title=\"DSC00519\" data-e-action-hash=\"#elementor-action%3Aaction%3Dlightbox%26settings%3DeyJpZCI6NjE2NywidXJsIjoiaHR0cHM6XC9cL2hhemVsLmV4cGVydFwvd3AtY29udGVudFwvdXBsb2Fkc1wvMjAyNVwvMDVcL0RTQzAwNTE5LmpwZyIsInNsaWRlc2hvdyI6IjFlMzQ4NGQifQ%3D%3D\">\n\t\t\t\t\t<div class=\"e-gallery-image elementor-gallery-item__image\" data-thumbnail=\"https:\/\/hazel.expert\/wp-content\/uploads\/2025\/05\/DSC00519-768x432.jpg\" data-width=\"768\" data-height=\"432\" aria-label=\"\" role=\"img\" ><\/div>\n\t\t\t\t\t\t\t\t\t\t\t<div class=\"elementor-gallery-item__overlay\"><\/div>\n\t\t\t\t\t\t\t\t\t\t\t\t\t\t<\/a>\n\t\t\t\t\t\t\t<a class=\"e-gallery-item elementor-gallery-item elementor-animated-content\" href=\"https:\/\/hazel.expert\/wp-content\/uploads\/2025\/05\/DSC00525.jpg\" data-elementor-open-lightbox=\"yes\" data-elementor-lightbox-slideshow=\"1e3484d\" data-elementor-lightbox-title=\"DSC00525\" data-e-action-hash=\"#elementor-action%3Aaction%3Dlightbox%26settings%3DeyJpZCI6NjE2OCwidXJsIjoiaHR0cHM6XC9cL2hhemVsLmV4cGVydFwvd3AtY29udGVudFwvdXBsb2Fkc1wvMjAyNVwvMDVcL0RTQzAwNTI1LmpwZyIsInNsaWRlc2hvdyI6IjFlMzQ4NGQifQ%3D%3D\">\n\t\t\t\t\t<div class=\"e-gallery-image elementor-gallery-item__image\" data-thumbnail=\"https:\/\/hazel.expert\/wp-content\/uploads\/2025\/05\/DSC00525-768x432.jpg\" data-width=\"768\" data-height=\"432\" aria-label=\"\" role=\"img\" ><\/div>\n\t\t\t\t\t\t\t\t\t\t\t<div class=\"elementor-gallery-item__overlay\"><\/div>\n\t\t\t\t\t\t\t\t\t\t\t\t\t\t<\/a>\n\t\t\t\t\t\t\t<a class=\"e-gallery-item elementor-gallery-item elementor-animated-content\" href=\"https:\/\/hazel.expert\/wp-content\/uploads\/2025\/05\/DSC00532.jpg\" data-elementor-open-lightbox=\"yes\" data-elementor-lightbox-slideshow=\"1e3484d\" data-elementor-lightbox-title=\"DSC00532\" data-e-action-hash=\"#elementor-action%3Aaction%3Dlightbox%26settings%3DeyJpZCI6NjE2OSwidXJsIjoiaHR0cHM6XC9cL2hhemVsLmV4cGVydFwvd3AtY29udGVudFwvdXBsb2Fkc1wvMjAyNVwvMDVcL0RTQzAwNTMyLmpwZyIsInNsaWRlc2hvdyI6IjFlMzQ4NGQifQ%3D%3D\">\n\t\t\t\t\t<div class=\"e-gallery-image elementor-gallery-item__image\" data-thumbnail=\"https:\/\/hazel.expert\/wp-content\/uploads\/2025\/05\/DSC00532-768x432.jpg\" data-width=\"768\" data-height=\"432\" aria-label=\"\" role=\"img\" ><\/div>\n\t\t\t\t\t\t\t\t\t\t\t<div class=\"elementor-gallery-item__overlay\"><\/div>\n\t\t\t\t\t\t\t\t\t\t\t\t\t\t<\/a>\n\t\t\t\t\t\t\t<a class=\"e-gallery-item elementor-gallery-item elementor-animated-content\" href=\"https:\/\/hazel.expert\/wp-content\/uploads\/2025\/05\/DSC00574.jpg\" data-elementor-open-lightbox=\"yes\" data-elementor-lightbox-slideshow=\"1e3484d\" data-elementor-lightbox-title=\"DSC00574\" data-e-action-hash=\"#elementor-action%3Aaction%3Dlightbox%26settings%3DeyJpZCI6NjE3MCwidXJsIjoiaHR0cHM6XC9cL2hhemVsLmV4cGVydFwvd3AtY29udGVudFwvdXBsb2Fkc1wvMjAyNVwvMDVcL0RTQzAwNTc0LmpwZyIsInNsaWRlc2hvdyI6IjFlMzQ4NGQifQ%3D%3D\">\n\t\t\t\t\t<div class=\"e-gallery-image elementor-gallery-item__image\" data-thumbnail=\"https:\/\/hazel.expert\/wp-content\/uploads\/2025\/05\/DSC00574-768x432.jpg\" data-width=\"768\" data-height=\"432\" aria-label=\"\" role=\"img\" ><\/div>\n\t\t\t\t\t\t\t\t\t\t\t<div class=\"elementor-gallery-item__overlay\"><\/div>\n\t\t\t\t\t\t\t\t\t\t\t\t\t\t<\/a>\n\t\t\t\t\t\t\t<a class=\"e-gallery-item elementor-gallery-item elementor-animated-content\" href=\"https:\/\/hazel.expert\/wp-content\/uploads\/2025\/05\/DSC00607.jpg\" data-elementor-open-lightbox=\"yes\" data-elementor-lightbox-slideshow=\"1e3484d\" data-elementor-lightbox-title=\"DSC00607\" data-e-action-hash=\"#elementor-action%3Aaction%3Dlightbox%26settings%3DeyJpZCI6NjE3MSwidXJsIjoiaHR0cHM6XC9cL2hhemVsLmV4cGVydFwvd3AtY29udGVudFwvdXBsb2Fkc1wvMjAyNVwvMDVcL0RTQzAwNjA3LmpwZyIsInNsaWRlc2hvdyI6IjFlMzQ4NGQifQ%3D%3D\">\n\t\t\t\t\t<div class=\"e-gallery-image elementor-gallery-item__image\" data-thumbnail=\"https:\/\/hazel.expert\/wp-content\/uploads\/2025\/05\/DSC00607-768x432.jpg\" data-width=\"768\" data-height=\"432\" aria-label=\"\" role=\"img\" ><\/div>\n\t\t\t\t\t\t\t\t\t\t\t<div class=\"elementor-gallery-item__overlay\"><\/div>\n\t\t\t\t\t\t\t\t\t\t\t\t\t\t<\/a>\n\t\t\t\t\t<\/div>\n\t\t\t\t\t<\/div>\n\t\t\t\t<\/div>\n\t\t\t\t<div class=\"elementor-element elementor-element-c95317a elementor-widget elementor-widget-heading\" data-id=\"c95317a\" data-element_type=\"widget\" data-e-type=\"widget\" data-widget_type=\"heading.default\">\n\t\t\t\t<div class=\"elementor-widget-container\">\n\t\t\t\t\t<h2 class=\"elementor-heading-title elementor-size-default\">Proven Technology from a Renowned Manufacturer\n<\/h2>\t\t\t\t<\/div>\n\t\t\t\t<\/div>\n\t\t\t\t<div class=\"elementor-element elementor-element-90a1244 elementor-widget elementor-widget-text-editor\" data-id=\"90a1244\" data-element_type=\"widget\" data-e-type=\"widget\" data-widget_type=\"text-editor.default\">\n\t\t\t\t<div class=\"elementor-widget-container\">\n\t\t\t\t\t\t\t\t\t<p><span style=\"font-weight: 400;\">At Hazel, we consistently prioritize quality and reliability in all of our projects \u2013 which is why, for our Katowice installation, we once again chose charging stations from Alpitronic. As the official distributor of this reputable Italian manufacturer in Poland, we supply trusted equipment that enjoys strong confidence from both operators and end users.<\/span><\/p><p><span style=\"font-weight: 400;\">Alpitronic Hyperchargers are designed for intensive daily use. They offer a user-friendly, intuitive interface, high flexibility in power configuration, and a compact design that facilitates seamless integration into both urban and commercial environments. An additional advantage is Alpitronic\u2019s well-developed technical support and servicing network, ensuring reliable operation even under heavy load.<\/span><\/p><p><span style=\"font-weight: 400;\">An increasing number of investors are turning to this solution \u2013 looking for equipment that not only meets current market expectations, but also remains dependable over the long term.<\/span><\/p>\t\t\t\t\t\t\t\t<\/div>\n\t\t\t\t<\/div>\n\t\t\t\t<div class=\"elementor-element elementor-element-7db04de elementor-widget elementor-widget-heading\" data-id=\"7db04de\" data-element_type=\"widget\" data-e-type=\"widget\" data-widget_type=\"heading.default\">\n\t\t\t\t<div class=\"elementor-widget-container\">\n\t\t\t\t\t<h2 class=\"elementor-heading-title elementor-size-default\">A Strategic Location in the Heart of Silesia\n<\/h2>\t\t\t\t<\/div>\n\t\t\t\t<\/div>\n\t\t\t\t<div class=\"elementor-element elementor-element-ee1a348 elementor-widget elementor-widget-text-editor\" data-id=\"ee1a348\" data-element_type=\"widget\" data-e-type=\"widget\" data-widget_type=\"text-editor.default\">\n\t\t\t\t<div class=\"elementor-widget-container\">\n\t\t\t\t\t\t\t\t\t<p><span style=\"font-weight: 400;\">Our Katowice charging hub is located behind the Home Concept interior design gallery \u2013 a well-known and easily accessible venue for both city residents and visitors from the region. With direct access to the S86 expressway and close proximity to major shopping centres, it serves as a convenient charging point for local drivers and transit traffic alike.<\/span><\/p>\n<p><span style=\"font-weight: 400;\">The site offers both convenient access and practical functionality, making it easy to recharge your vehicle during a brief stop. As such, it fits seamlessly into the modern model of urban mobility \u2013 where charging becomes a natural part of daily routines.<\/span><\/p>\n<p><span style=\"font-weight: 400;\">Projects like this also boost the appeal of commercial properties \u2013 not just as an added convenience for customers, but as a reliable source of revenue and a differentiating factor in a competitive real estate market.<\/span><\/p>\t\t\t\t\t\t\t\t<\/div>\n\t\t\t\t<\/div>\n\t\t\t\t<div class=\"elementor-element elementor-element-7cc6af6 elementor-widget elementor-widget-heading\" data-id=\"7cc6af6\" data-element_type=\"widget\" data-e-type=\"widget\" data-widget_type=\"heading.default\">\n\t\t\t\t<div class=\"elementor-widget-container\">\n\t\t\t\t\t<h2 class=\"elementor-heading-title elementor-size-default\">The Investor\u2019s Perspective \u2013 Hands-On Experience and Support\n<\/h2>\t\t\t\t<\/div>\n\t\t\t\t<\/div>\n\t\t\t\t<div class=\"elementor-element elementor-element-dae19d5 elementor-widget elementor-widget-text-editor\" data-id=\"dae19d5\" data-element_type=\"widget\" data-e-type=\"widget\" data-widget_type=\"text-editor.default\">\n\t\t\t\t<div class=\"elementor-widget-container\">\n\t\t\t\t\t\t\t\t\t<p><span style=\"font-weight: 400;\">We approached the Katowice hub project with full commitment \u2013 from initial planning and coordination to final commissioning of the infrastructure. As both investor and contractor, we understand the real-world challenges faced by property owners, developers, and commercial facility managers.<\/span><\/p>\n<p><span style=\"font-weight: 400;\">Our experience covers the entire investment process: from budgeting and feasibility analysis, to legal and technical arrangements, and through to construction and installation. This hands-on know-how enables us to support our clients not just as an equipment supplier, but as a strategic partner who understands the market landscape and knows how to deliver projects efficiently \u2013 from concept to completion.<\/span><\/p>\t\t\t\t\t\t\t\t<\/div>\n\t\t\t\t<\/div>\n\t\t\t\t<div class=\"elementor-element elementor-element-7087a2f elementor-widget elementor-widget-heading\" data-id=\"7087a2f\" data-element_type=\"widget\" data-e-type=\"widget\" data-widget_type=\"heading.default\">\n\t\t\t\t<div class=\"elementor-widget-container\">\n\t\t\t\t\t<h2 class=\"elementor-heading-title elementor-size-default\">Planning to Launch Your Own Charging Station?\n<\/h2>\t\t\t\t<\/div>\n\t\t\t\t<\/div>\n\t\t\t\t<div class=\"elementor-element elementor-element-27e1609 elementor-widget elementor-widget-text-editor\" data-id=\"27e1609\" data-element_type=\"widget\" data-e-type=\"widget\" data-widget_type=\"text-editor.default\">\n\t\t\t\t<div class=\"elementor-widget-container\">\n\t\t\t\t\t\t\t\t\t<p><span style=\"font-weight: 400;\">We will be happy to share our experience and support your project at every stage \u2013 from selecting the right technical solution, to delivering Alpitronic hardware, and providing practical guidance throughout the investment process.<\/span><\/p>\n<p><span style=\"font-weight: 400;\">Our Katowice hub is a notable example of a smart, carefully planned investment \u2013 showcasing that building modern EV charging infrastructure can be both efficient and forward-thinking.<\/span><\/p>\t\t\t\t\t\t\t\t<\/div>\n\t\t\t\t<\/div>\n\t\t\t\t<\/div>\n\t\t\t\t\t<\/div>\n\t\t\t\t<\/div>\n\t\t\t\t<\/div>","protected":false},"excerpt":{"rendered":"<p>Szybkie stacje \u0142adowania pojazd\u00f3w elektrycznych \u2013 HUB Alpitronic w Katowicach Stacje \u0142adowania tu\u017c przy galerii wn\u0119trz Home Concept w Katowicach przy Al. Rozdzie\u0144skiego 191 to kompleksowa inwestycja, kt\u00f3ra \u0142\u0105czy nowoczesn\u0105 infrastruktur\u0119 z realnymi korzy\u015bciami biznesowymi. Zlokalizowane na zapleczu obiektu \u2013 w bezpo\u015brednim s\u0105siedztwie trasy S86 oraz w otoczeniu licznych centr\u00f3w handlowych \u2013 s\u0105 wygodnym punktem [&hellip;]<\/p>\n","protected":false},"author":1,"featured_media":0,"parent":5289,"menu_order":0,"comment_status":"closed","ping_status":"closed","template":"","meta":{"footnotes":""},"class_list":["post-6157","page","type-page","status-publish","hentry"],"_links":{"self":[{"href":"https:\/\/hazel.expert\/en\/wp-json\/wp\/v2\/pages\/6157","targetHints":{"allow":["GET"]}}],"collection":[{"href":"https:\/\/hazel.expert\/en\/wp-json\/wp\/v2\/pages"}],"about":[{"href":"https:\/\/hazel.expert\/en\/wp-json\/wp\/v2\/types\/page"}],"author":[{"embeddable":true,"href":"https:\/\/hazel.expert\/en\/wp-json\/wp\/v2\/users\/1"}],"replies":[{"embeddable":true,"href":"https:\/\/hazel.expert\/en\/wp-json\/wp\/v2\/comments?post=6157"}],"version-history":[{"count":17,"href":"https:\/\/hazel.expert\/en\/wp-json\/wp\/v2\/pages\/6157\/revisions"}],"predecessor-version":[{"id":6243,"href":"https:\/\/hazel.expert\/en\/wp-json\/wp\/v2\/pages\/6157\/revisions\/6243"}],"up":[{"embeddable":true,"href":"https:\/\/hazel.expert\/en\/wp-json\/wp\/v2\/pages\/5289"}],"wp:attachment":[{"href":"https:\/\/hazel.expert\/en\/wp-json\/wp\/v2\/media?parent=6157"}],"curies":[{"name":"wp","href":"https:\/\/api.w.org\/{rel}","templated":true}]}}