{"id":6586,"date":"2025-11-08T10:08:47","date_gmt":"2025-11-08T09:08:47","guid":{"rendered":"https:\/\/hazel.expert\/?page_id=6586"},"modified":"2025-11-08T10:30:40","modified_gmt":"2025-11-08T09:30:40","slug":"easycube-series-261kwh","status":"publish","type":"page","link":"https:\/\/hazel.expert\/en\/magazyny-energii\/produkty\/easycube-series-261kwh\/","title":{"rendered":"EASYCUBE Series 261kWh"},"content":{"rendered":"<div data-elementor-type=\"wp-page\" data-elementor-id=\"6586\" class=\"elementor elementor-6586\" data-elementor-post-type=\"page\">\n\t\t\t\t<div class=\"elementor-element elementor-element-e64af73 e-flex e-con-boxed e-con e-parent\" data-id=\"e64af73\" data-element_type=\"container\" data-e-type=\"container\" data-settings=\"{&quot;jet_parallax_layout_list&quot;:[]}\">\n\t\t\t\t\t<div class=\"e-con-inner\">\n\t\t\t\t<div class=\"elementor-element elementor-element-eb191ea elementor-widget elementor-widget-heading\" data-id=\"eb191ea\" data-element_type=\"widget\" data-e-type=\"widget\" data-widget_type=\"heading.default\">\n\t\t\t\t<div class=\"elementor-widget-container\">\n\t\t\t\t\t<h1 class=\"elementor-heading-title elementor-size-default\">EASYCUBE Series 261kWh<\/h1>\t\t\t\t<\/div>\n\t\t\t\t<\/div>\n\t\t\t\t<div class=\"elementor-element elementor-element-00037a1 elementor-widget elementor-widget-text-editor\" data-id=\"00037a1\" data-element_type=\"widget\" data-e-type=\"widget\" data-widget_type=\"text-editor.default\">\n\t\t\t\t<div class=\"elementor-widget-container\">\n\t\t\t\t\t\t\t\t\t<p>Battery Cabinet<\/p>\t\t\t\t\t\t\t\t<\/div>\n\t\t\t\t<\/div>\n\t\t\t\t<div class=\"elementor-element elementor-element-f73aef0 elementor-widget elementor-widget-jet-button\" data-id=\"f73aef0\" data-element_type=\"widget\" data-e-type=\"widget\" data-widget_type=\"jet-button.default\">\n\t\t\t\t<div class=\"elementor-widget-container\">\n\t\t\t\t\t<div class=\"elementor-jet-button jet-elements\"><div class=\"jet-button__container\">\n\t<a class=\"jet-button__instance jet-button__instance--icon-left hover-effect-0\" href=\"\/wp-content\/uploads\/2025\/11\/CI-ESS-261kWhCE.pdf\">\n\t\t<div class=\"jet-button__plane jet-button__plane-normal\"><\/div>\n\t\t<div class=\"jet-button__plane jet-button__plane-hover\"><\/div>\n\t\t<div class=\"jet-button__state jet-button__state-normal\">\n\t\t\t<span class=\"jet-button__label\">Download Data Sheet<\/span>\t\t<\/div>\n\t\t<div class=\"jet-button__state jet-button__state-hover\">\n\t\t\t<span class=\"jet-button__label\">Download Data Sheet<\/span>\t\t<\/div>\n\t<\/a>\n<\/div>\n<\/div>\t\t\t\t<\/div>\n\t\t\t\t<\/div>\n\t\t\t\t\t<\/div>\n\t\t\t\t<\/div>\n\t\t<div class=\"elementor-element elementor-element-18dbd9e e-con-full e-flex e-con e-parent\" data-id=\"18dbd9e\" data-element_type=\"container\" data-e-type=\"container\" data-settings=\"{&quot;jet_parallax_layout_list&quot;:[]}\">\n\t\t\t\t<div class=\"elementor-element elementor-element-fbb65a1 elementor-widget elementor-widget-image\" data-id=\"fbb65a1\" data-element_type=\"widget\" data-e-type=\"widget\" data-widget_type=\"image.default\">\n\t\t\t\t<div class=\"elementor-widget-container\">\n\t\t\t\t\t\t\t\t\t\t\t\t\t\t\t<img fetchpriority=\"high\" decoding=\"async\" width=\"956\" height=\"1322\" src=\"https:\/\/hazel.expert\/wp-content\/uploads\/2025\/11\/magazyn_full_easy.webp\" class=\"attachment-full size-full wp-image-6594\" alt=\"\" srcset=\"https:\/\/hazel.expert\/wp-content\/uploads\/2025\/11\/magazyn_full_easy.webp 956w, https:\/\/hazel.expert\/wp-content\/uploads\/2025\/11\/magazyn_full_easy-217x300.webp 217w, https:\/\/hazel.expert\/wp-content\/uploads\/2025\/11\/magazyn_full_easy-741x1024.webp 741w, https:\/\/hazel.expert\/wp-content\/uploads\/2025\/11\/magazyn_full_easy-768x1062.webp 768w, https:\/\/hazel.expert\/wp-content\/uploads\/2025\/11\/magazyn_full_easy-9x12.webp 9w, https:\/\/hazel.expert\/wp-content\/uploads\/2025\/11\/magazyn_full_easy-600x830.webp 600w\" sizes=\"(max-width: 956px) 100vw, 956px\" \/>\t\t\t\t\t\t\t\t\t\t\t\t\t\t\t<\/div>\n\t\t\t\t<\/div>\n\t\t<div class=\"elementor-element elementor-element-ba86cab e-con-full e-flex e-con e-child\" data-id=\"ba86cab\" data-element_type=\"container\" data-e-type=\"container\" data-settings=\"{&quot;background_background&quot;:&quot;classic&quot;,&quot;position&quot;:&quot;absolute&quot;,&quot;jet_parallax_layout_list&quot;:[]}\">\n\t\t\t\t<\/div>\n\t\t\t\t<\/div>\n\t\t<div class=\"elementor-element elementor-element-1552553 e-flex e-con-boxed e-con e-parent\" data-id=\"1552553\" data-element_type=\"container\" data-e-type=\"container\" data-settings=\"{&quot;jet_parallax_layout_list&quot;:[]}\">\n\t\t\t\t\t<div class=\"e-con-inner\">\n\t\t\t\t<div class=\"elementor-element elementor-element-1a57227 elementor-widget elementor-widget-heading\" data-id=\"1a57227\" data-element_type=\"widget\" data-e-type=\"widget\" data-widget_type=\"heading.default\">\n\t\t\t\t<div class=\"elementor-widget-container\">\n\t\t\t\t\t<h2 class=\"elementor-heading-title elementor-size-default\">Features:\n<\/h2>\t\t\t\t<\/div>\n\t\t\t\t<\/div>\n\t\t\t\t<div class=\"elementor-element elementor-element-6af6dac elementor-widget elementor-widget-text-editor\" data-id=\"6af6dac\" data-element_type=\"widget\" data-e-type=\"widget\" data-widget_type=\"text-editor.default\">\n\t\t\t\t<div class=\"elementor-widget-container\">\n\t\t\t\t\t\t\t\t\t<p>EASYCUBE Series 261kWh<\/p>\t\t\t\t\t\t\t\t<\/div>\n\t\t\t\t<\/div>\n\t\t\t\t\t<\/div>\n\t\t\t\t<\/div>\n\t\t<div class=\"elementor-element elementor-element-7d07078 e-flex e-con-boxed e-con e-parent\" data-id=\"7d07078\" data-element_type=\"container\" data-e-type=\"container\" data-settings=\"{&quot;jet_parallax_layout_list&quot;:[]}\">\n\t\t\t\t\t<div class=\"e-con-inner\">\n\t\t\t\t<div class=\"elementor-element elementor-element-f61a3cb elementor-widget elementor-widget-heading\" data-id=\"f61a3cb\" data-element_type=\"widget\" data-e-type=\"widget\" data-widget_type=\"heading.default\">\n\t\t\t\t<div class=\"elementor-widget-container\">\n\t\t\t\t\t<h4 class=\"elementor-heading-title elementor-size-default\">Modular design and easy maintenance<\/h4>\t\t\t\t<\/div>\n\t\t\t\t<\/div>\n\t\t\t\t<div class=\"elementor-element elementor-element-8b14b60 elementor-widget elementor-widget-heading\" data-id=\"8b14b60\" data-element_type=\"widget\" data-e-type=\"widget\" data-widget_type=\"heading.default\">\n\t\t\t\t<div class=\"elementor-widget-container\">\n\t\t\t\t\t<h4 class=\"elementor-heading-title elementor-size-default\">High energy density in a compact enclosure<\/h4>\t\t\t\t<\/div>\n\t\t\t\t<\/div>\n\t\t\t\t<div class=\"elementor-element elementor-element-5559be5 elementor-widget elementor-widget-heading\" data-id=\"5559be5\" data-element_type=\"widget\" data-e-type=\"widget\" data-widget_type=\"heading.default\">\n\t\t\t\t<div class=\"elementor-widget-container\">\n\t\t\t\t\t<h4 class=\"elementor-heading-title elementor-size-default\">Dual-compartment design with front access<\/h4>\t\t\t\t<\/div>\n\t\t\t\t<\/div>\n\t\t\t\t<div class=\"elementor-element elementor-element-8036cab elementor-widget elementor-widget-heading\" data-id=\"8036cab\" data-element_type=\"widget\" data-e-type=\"widget\" data-widget_type=\"heading.default\">\n\t\t\t\t<div class=\"elementor-widget-container\">\n\t\t\t\t\t<h4 class=\"elementor-heading-title elementor-size-default\"> Cell-level thermal isolation<\/h4>\t\t\t\t<\/div>\n\t\t\t\t<\/div>\n\t\t\t\t<div class=\"elementor-element elementor-element-f34dfe4 elementor-widget elementor-widget-heading\" data-id=\"f34dfe4\" data-element_type=\"widget\" data-e-type=\"widget\" data-widget_type=\"heading.default\">\n\t\t\t\t<div class=\"elementor-widget-container\">\n\t\t\t\t\t<h4 class=\"elementor-heading-title elementor-size-default\">Front wiring layout<\/h4>\t\t\t\t<\/div>\n\t\t\t\t<\/div>\n\t\t\t\t<div class=\"elementor-element elementor-element-e7bfe32 elementor-widget elementor-widget-heading\" data-id=\"e7bfe32\" data-element_type=\"widget\" data-e-type=\"widget\" data-widget_type=\"heading.default\">\n\t\t\t\t<div class=\"elementor-widget-container\">\n\t\t\t\t\t<h4 class=\"elementor-heading-title elementor-size-default\">Local HMI and cloud-based remote management<\/h4>\t\t\t\t<\/div>\n\t\t\t\t<\/div>\n\t\t\t\t\t<\/div>\n\t\t\t\t<\/div>\n\t\t<div class=\"elementor-element elementor-element-b1f2321 e-flex e-con-boxed e-con e-parent\" data-id=\"b1f2321\" data-element_type=\"container\" data-e-type=\"container\" data-settings=\"{&quot;jet_parallax_layout_list&quot;:[]}\">\n\t\t\t\t\t<div class=\"e-con-inner\">\n\t\t\t\t<div class=\"elementor-element elementor-element-563531b elementor-widget elementor-widget-shortcode\" data-id=\"563531b\" data-element_type=\"widget\" data-e-type=\"widget\" data-widget_type=\"shortcode.default\">\n\t\t\t\t<div class=\"elementor-widget-container\">\n\t\t\t\t\t\t\t<div class=\"elementor-shortcode\">\t\t<div data-elementor-type=\"container\" data-elementor-id=\"6399\" class=\"elementor elementor-6399\" data-elementor-post-type=\"elementor_library\">\n\t\t\t\t<div class=\"elementor-element elementor-element-47f31aa1 e-flex e-con-boxed e-con e-parent\" data-id=\"47f31aa1\" data-element_type=\"container\" data-e-type=\"container\" data-settings=\"{&quot;jet_parallax_layout_list&quot;:[]}\">\n\t\t\t\t\t<div class=\"e-con-inner\">\n\t\t<div class=\"elementor-element elementor-element-6bc867e5 e-con-full e-flex e-con e-child\" data-id=\"6bc867e5\" data-element_type=\"container\" data-e-type=\"container\" data-settings=\"{&quot;jet_parallax_layout_list&quot;:[]}\">\n\t\t\t\t<\/div>\n\t\t<div class=\"elementor-element elementor-element-286fccc e-con-full e-flex e-con e-child\" data-id=\"286fccc\" data-element_type=\"container\" data-e-type=\"container\" data-settings=\"{&quot;jet_parallax_layout_list&quot;:[]}\">\n\t\t\t\t<div class=\"elementor-element elementor-element-49a22ebb elementor-widget elementor-widget-jet-button\" data-id=\"49a22ebb\" data-element_type=\"widget\" data-e-type=\"widget\" data-widget_type=\"jet-button.default\">\n\t\t\t\t<div class=\"elementor-widget-container\">\n\t\t\t\t\t<div class=\"elementor-jet-button jet-elements\"><div class=\"jet-button__container\">\n\t<a class=\"jet-button__instance jet-button__instance--icon-left hover-effect-0\" href=\"\/en\/kontakt\/\">\n\t\t<div class=\"jet-button__plane jet-button__plane-normal\"><\/div>\n\t\t<div class=\"jet-button__plane jet-button__plane-hover\"><\/div>\n\t\t<div class=\"jet-button__state jet-button__state-normal\">\n\t\t\t<span class=\"jet-button__label\">Request an offer<\/span>\t\t<\/div>\n\t\t<div class=\"jet-button__state jet-button__state-hover\">\n\t\t\t<span class=\"jet-button__label\">Request an offer<\/span>\t\t<\/div>\n\t<\/a>\n<\/div>\n<\/div>\t\t\t\t<\/div>\n\t\t\t\t<\/div>\n\t\t\t\t<\/div>\n\t\t<div class=\"elementor-element elementor-element-13b40179 e-con-full e-flex e-con e-child\" data-id=\"13b40179\" data-element_type=\"container\" data-e-type=\"container\" data-settings=\"{&quot;jet_parallax_layout_list&quot;:[]}\">\n\t\t\t\t<div class=\"elementor-element elementor-element-29708275 elementor-widget elementor-widget-jet-button\" data-id=\"29708275\" data-element_type=\"widget\" data-e-type=\"widget\" data-widget_type=\"jet-button.default\">\n\t\t\t\t<div class=\"elementor-widget-container\">\n\t\t\t\t\t<div class=\"elementor-jet-button jet-elements\"><div class=\"jet-button__container\">\n\t<a class=\"jet-button__instance jet-button__instance--icon-left hover-effect-0\" href=\"\/en\/kontakt\/\">\n\t\t<div class=\"jet-button__plane jet-button__plane-normal\"><\/div>\n\t\t<div class=\"jet-button__plane jet-button__plane-hover\"><\/div>\n\t\t<div class=\"jet-button__state jet-button__state-normal\">\n\t\t\t<span class=\"jet-button__icon jet-elements-icon\"><svg aria-hidden=\"true\" class=\"e-font-icon-svg e-fas-phone-alt\" viewbox=\"0 0 512 512\" xmlns=\"http:\/\/www.w3.org\/2000\/svg\"><path d=\"M497.39 361.8l-112-48a24 24 0 0 0-28 6.9l-49.6 60.6A370.66 370.66 0 0 1 130.6 204.11l60.6-49.6a23.94 23.94 0 0 0 6.9-28l-48-112A24.16 24.16 0 0 0 122.6.61l-104 24A24 24 0 0 0 0 48c0 256.5 207.9 464 464 464a24 24 0 0 0 23.4-18.6l24-104a24.29 24.29 0 0 0-14.01-27.6z\"><\/path><\/svg><\/span><span class=\"jet-button__label\">+48 531 402 135<\/span>\t\t<\/div>\n\t\t<div class=\"jet-button__state jet-button__state-hover\">\n\t\t\t<span class=\"jet-button__icon jet-elements-icon\"><svg aria-hidden=\"true\" class=\"e-font-icon-svg e-fas-phone-alt\" viewbox=\"0 0 512 512\" xmlns=\"http:\/\/www.w3.org\/2000\/svg\"><path d=\"M497.39 361.8l-112-48a24 24 0 0 0-28 6.9l-49.6 60.6A370.66 370.66 0 0 1 130.6 204.11l60.6-49.6a23.94 23.94 0 0 0 6.9-28l-48-112A24.16 24.16 0 0 0 122.6.61l-104 24A24 24 0 0 0 0 48c0 256.5 207.9 464 464 464a24 24 0 0 0 23.4-18.6l24-104a24.29 24.29 0 0 0-14.01-27.6z\"><\/path><\/svg><\/span><span class=\"jet-button__label\">+48 531 402 135<\/span>\t\t<\/div>\n\t<\/a>\n<\/div>\n<\/div>\t\t\t\t<\/div>\n\t\t\t\t<\/div>\n\t\t\t\t<\/div>\n\t\t<div class=\"elementor-element elementor-element-25f4dcc5 e-con-full e-flex e-con e-child\" data-id=\"25f4dcc5\" data-element_type=\"container\" data-e-type=\"container\" data-settings=\"{&quot;jet_parallax_layout_list&quot;:[]}\">\n\t\t\t\t<\/div>\n\t\t\t\t\t<\/div>\n\t\t\t\t<\/div>\n\t\t\t\t<\/div>\n\t\t<\/div>\n\t\t\t\t\t\t<\/div>\n\t\t\t\t<\/div>\n\t\t\t\t\t<\/div>\n\t\t\t\t<\/div>\n\t\t<div class=\"elementor-element elementor-element-7a5ebae e-flex e-con-boxed e-con e-parent\" data-id=\"7a5ebae\" data-element_type=\"container\" data-e-type=\"container\" data-settings=\"{&quot;jet_parallax_layout_list&quot;:[]}\">\n\t\t\t\t\t<div class=\"e-con-inner\">\n\t\t\t\t<div class=\"elementor-element elementor-element-da70052 elementor-widget elementor-widget-shortcode\" data-id=\"da70052\" data-element_type=\"widget\" data-e-type=\"widget\" data-widget_type=\"shortcode.default\">\n\t\t\t\t<div class=\"elementor-widget-container\">\n\t\t\t\t\t\t\t<div class=\"elementor-shortcode\">\t\t<div data-elementor-type=\"container\" data-elementor-id=\"6304\" class=\"elementor elementor-6304\" data-elementor-post-type=\"elementor_library\">\n\t\t\t\t<div class=\"elementor-element elementor-element-7a6049b1 e-flex e-con-boxed e-con e-parent\" data-id=\"7a6049b1\" data-element_type=\"container\" data-e-type=\"container\" data-settings=\"{&quot;jet_parallax_layout_list&quot;:[]}\">\n\t\t\t\t\t<div class=\"e-con-inner\">\n\t\t<div class=\"elementor-element elementor-element-53cb7b9 e-con-full e-transform e-flex e-con e-child\" data-id=\"53cb7b9\" data-element_type=\"container\" data-e-type=\"container\" data-settings=\"{&quot;background_background&quot;:&quot;classic&quot;,&quot;jet_parallax_layout_list&quot;:[],&quot;_transform_scale_effect_hover&quot;:{&quot;unit&quot;:&quot;px&quot;,&quot;size&quot;:1.05,&quot;sizes&quot;:[]},&quot;_transform_scale_effect_hover_tablet&quot;:{&quot;unit&quot;:&quot;px&quot;,&quot;size&quot;:&quot;&quot;,&quot;sizes&quot;:[]},&quot;_transform_scale_effect_hover_mobile&quot;:{&quot;unit&quot;:&quot;px&quot;,&quot;size&quot;:&quot;&quot;,&quot;sizes&quot;:[]}}\">\n\t\t\t\t<div class=\"elementor-element elementor-element-292e298 elementor-widget elementor-widget-image\" data-id=\"292e298\" data-element_type=\"widget\" data-e-type=\"widget\" data-widget_type=\"image.default\">\n\t\t\t\t<div class=\"elementor-widget-container\">\n\t\t\t\t\t\t\t\t\t\t\t\t\t\t\t\t<a href=\"\/en\/magazyny-energii\/produkty\/easycube-series-261kwh\/\">\n\t\t\t\t\t\t\t<img decoding=\"async\" width=\"300\" height=\"609\" src=\"https:\/\/hazel.expert\/wp-content\/uploads\/2025\/07\/261.webp\" class=\"attachment-large size-large wp-image-6598\" alt=\"\" srcset=\"https:\/\/hazel.expert\/wp-content\/uploads\/2025\/07\/261.webp 300w, https:\/\/hazel.expert\/wp-content\/uploads\/2025\/07\/261-148x300.webp 148w, https:\/\/hazel.expert\/wp-content\/uploads\/2025\/07\/261-6x12.webp 6w\" sizes=\"(max-width: 300px) 100vw, 300px\" \/>\t\t\t\t\t\t\t\t<\/a>\n\t\t\t\t\t\t\t\t\t\t\t\t\t\t\t<\/div>\n\t\t\t\t<\/div>\n\t\t\t\t<div class=\"elementor-element elementor-element-75827a36 elementor-widget elementor-widget-heading\" data-id=\"75827a36\" data-element_type=\"widget\" data-e-type=\"widget\" data-widget_type=\"heading.default\">\n\t\t\t\t<div class=\"elementor-widget-container\">\n\t\t\t\t\t<h3 class=\"elementor-heading-title elementor-size-default\"><a href=\"\/en\/magazyny-energii\/produkty\/sermatec-easycube\/\">Battery Cabinet<\/a><\/h3>\t\t\t\t<\/div>\n\t\t\t\t<\/div>\n\t\t\t\t<div class=\"elementor-element elementor-element-47e96f87 elementor-widget elementor-widget-jet-button\" data-id=\"47e96f87\" data-element_type=\"widget\" data-e-type=\"widget\" data-widget_type=\"jet-button.default\">\n\t\t\t\t<div class=\"elementor-widget-container\">\n\t\t\t\t\t<div class=\"elementor-jet-button jet-elements\"><div class=\"jet-button__container\">\n\t<a class=\"jet-button__instance jet-button__instance--icon-left hover-effect-0\" href=\"\/en\/magazyny-energii\/produkty\/easycube-series-261kwh\/\">\n\t\t<div class=\"jet-button__plane jet-button__plane-normal\"><\/div>\n\t\t<div class=\"jet-button__plane jet-button__plane-hover\"><\/div>\n\t\t<div class=\"jet-button__state jet-button__state-normal\">\n\t\t\t<span class=\"jet-button__icon jet-elements-icon\"><svg aria-hidden=\"true\" class=\"e-font-icon-svg e-fas-power-off\" viewbox=\"0 0 512 512\" xmlns=\"http:\/\/www.w3.org\/2000\/svg\"><path d=\"M400 54.1c63 45 104 118.6 104 201.9 0 136.8-110.8 247.7-247.5 248C120 504.3 8.2 393 8 256.4 7.9 173.1 48.9 99.3 111.8 54.2c11.7-8.3 28-4.8 35 7.7L162.6 90c5.9 10.5 3.1 23.8-6.6 31-41.5 30.8-68 79.6-68 134.9-.1 92.3 74.5 168.1 168 168.1 91.6 0 168.6-74.2 168-169.1-.3-51.8-24.7-101.8-68.1-134-9.7-7.2-12.4-20.5-6.5-30.9l15.8-28.1c7-12.4 23.2-16.1 34.8-7.8zM296 264V24c0-13.3-10.7-24-24-24h-32c-13.3 0-24 10.7-24 24v240c0 13.3 10.7 24 24 24h32c13.3 0 24-10.7 24-24z\"><\/path><\/svg><\/span><span class=\"jet-button__label\">261\u202fkWh<\/span>\t\t<\/div>\n\t\t<div class=\"jet-button__state jet-button__state-hover\">\n\t\t\t<span class=\"jet-button__label\">DISCOVER<\/span>\t\t<\/div>\n\t<\/a>\n<\/div>\n<\/div>\t\t\t\t<\/div>\n\t\t\t\t<\/div>\n\t\t\t\t<\/div>\n\t\t<div class=\"elementor-element elementor-element-3b487375 e-con-full e-transform e-flex e-con e-child\" data-id=\"3b487375\" data-element_type=\"container\" data-e-type=\"container\" data-settings=\"{&quot;background_background&quot;:&quot;classic&quot;,&quot;jet_parallax_layout_list&quot;:[],&quot;_transform_scale_effect_hover&quot;:{&quot;unit&quot;:&quot;px&quot;,&quot;size&quot;:1.05,&quot;sizes&quot;:[]},&quot;_transform_scale_effect_hover_tablet&quot;:{&quot;unit&quot;:&quot;px&quot;,&quot;size&quot;:&quot;&quot;,&quot;sizes&quot;:[]},&quot;_transform_scale_effect_hover_mobile&quot;:{&quot;unit&quot;:&quot;px&quot;,&quot;size&quot;:&quot;&quot;,&quot;sizes&quot;:[]}}\">\n\t\t\t\t<div class=\"elementor-element elementor-element-3f48814e elementor-widget elementor-widget-image\" data-id=\"3f48814e\" data-element_type=\"widget\" data-e-type=\"widget\" data-widget_type=\"image.default\">\n\t\t\t\t<div class=\"elementor-widget-container\">\n\t\t\t\t\t\t\t\t\t\t\t\t\t\t\t\t<a href=\"\/en\/magazyny-energii\/produkty\/liquid-cooling-container\/\">\n\t\t\t\t\t\t\t<img decoding=\"async\" width=\"300\" height=\"609\" src=\"https:\/\/hazel.expert\/wp-content\/uploads\/2025\/07\/container-1.png\" class=\"attachment-large size-large wp-image-6285\" alt=\"\" srcset=\"https:\/\/hazel.expert\/wp-content\/uploads\/2025\/07\/container-1.png 300w, https:\/\/hazel.expert\/wp-content\/uploads\/2025\/07\/container-1-148x300.png 148w, https:\/\/hazel.expert\/wp-content\/uploads\/2025\/07\/container-1-6x12.png 6w\" sizes=\"(max-width: 300px) 100vw, 300px\" \/>\t\t\t\t\t\t\t\t<\/a>\n\t\t\t\t\t\t\t\t\t\t\t\t\t\t\t<\/div>\n\t\t\t\t<\/div>\n\t\t\t\t<div class=\"elementor-element elementor-element-28a600ff elementor-widget elementor-widget-heading\" data-id=\"28a600ff\" data-element_type=\"widget\" data-e-type=\"widget\" data-widget_type=\"heading.default\">\n\t\t\t\t<div class=\"elementor-widget-container\">\n\t\t\t\t\t<h3 class=\"elementor-heading-title elementor-size-default\"><a href=\"\/en\/magazyny-energii\/produkty\/liquid-cooling-container\/\">Containerized Energy Storage<\/a><\/h3>\t\t\t\t<\/div>\n\t\t\t\t<\/div>\n\t\t\t\t<div class=\"elementor-element elementor-element-6fe560c9 elementor-widget elementor-widget-jet-button\" data-id=\"6fe560c9\" data-element_type=\"widget\" data-e-type=\"widget\" data-widget_type=\"jet-button.default\">\n\t\t\t\t<div class=\"elementor-widget-container\">\n\t\t\t\t\t<div class=\"elementor-jet-button jet-elements\"><div class=\"jet-button__container\">\n\t<a class=\"jet-button__instance jet-button__instance--icon-left hover-effect-0\" href=\"\/en\/magazyny-energii\/produkty\/liquid-cooling-container\/\">\n\t\t<div class=\"jet-button__plane jet-button__plane-normal\"><\/div>\n\t\t<div class=\"jet-button__plane jet-button__plane-hover\"><\/div>\n\t\t<div class=\"jet-button__state jet-button__state-normal\">\n\t\t\t<span class=\"jet-button__icon jet-elements-icon\"><svg aria-hidden=\"true\" class=\"e-font-icon-svg e-fas-power-off\" viewbox=\"0 0 512 512\" xmlns=\"http:\/\/www.w3.org\/2000\/svg\"><path d=\"M400 54.1c63 45 104 118.6 104 201.9 0 136.8-110.8 247.7-247.5 248C120 504.3 8.2 393 8 256.4 7.9 173.1 48.9 99.3 111.8 54.2c11.7-8.3 28-4.8 35 7.7L162.6 90c5.9 10.5 3.1 23.8-6.6 31-41.5 30.8-68 79.6-68 134.9-.1 92.3 74.5 168.1 168 168.1 91.6 0 168.6-74.2 168-169.1-.3-51.8-24.7-101.8-68.1-134-9.7-7.2-12.4-20.5-6.5-30.9l15.8-28.1c7-12.4 23.2-16.1 34.8-7.8zM296 264V24c0-13.3-10.7-24-24-24h-32c-13.3 0-24 10.7-24 24v240c0 13.3 10.7 24 24 24h32c13.3 0 24-10.7 24-24z\"><\/path><\/svg><\/span><span class=\"jet-button__label\">4.888 MWh<\/span>\t\t<\/div>\n\t\t<div class=\"jet-button__state jet-button__state-hover\">\n\t\t\t<span class=\"jet-button__label\">DISCOVER<\/span>\t\t<\/div>\n\t<\/a>\n<\/div>\n<\/div>\t\t\t\t<\/div>\n\t\t\t\t<\/div>\n\t\t\t\t<\/div>\n\t\t\t\t\t<\/div>\n\t\t\t\t<\/div>\n\t\t\t\t<\/div>\n\t\t<\/div>\n\t\t\t\t\t\t<\/div>\n\t\t\t\t<\/div>\n\t\t\t\t\t<\/div>\n\t\t\t\t<\/div>\n\t\t\t\t<\/div>","protected":false},"excerpt":{"rendered":"<p>EASYCUBE Series 261kWh szafa bateryjna POBIERZ KART\u0118 DANYCH TECHNICZNYCH POBIERZ KART\u0118 DANYCH TECHNICZNYCH Charakterystyka EASYCUBE Series 261kWh Modu\u0142owa konstrukcja i \u0142atwa konserwacja Wysoka g\u0119sto\u015b\u0107 energii w kompaktowej obudowie Dwukomorowa budowa i serwis od frontu Izolacja termiczna ogniw Okablowanie od frontu Lokalny HMI i zdalne zarz\u0105dzanie w chmurze<\/p>","protected":false},"author":1,"featured_media":0,"parent":6250,"menu_order":0,"comment_status":"closed","ping_status":"closed","template":"elementor_header_footer","meta":{"footnotes":""},"class_list":["post-6586","page","type-page","status-publish","hentry"],"_links":{"self":[{"href":"https:\/\/hazel.expert\/en\/wp-json\/wp\/v2\/pages\/6586","targetHints":{"allow":["GET"]}}],"collection":[{"href":"https:\/\/hazel.expert\/en\/wp-json\/wp\/v2\/pages"}],"about":[{"href":"https:\/\/hazel.expert\/en\/wp-json\/wp\/v2\/types\/page"}],"author":[{"embeddable":true,"href":"https:\/\/hazel.expert\/en\/wp-json\/wp\/v2\/users\/1"}],"replies":[{"embeddable":true,"href":"https:\/\/hazel.expert\/en\/wp-json\/wp\/v2\/comments?post=6586"}],"version-history":[{"count":16,"href":"https:\/\/hazel.expert\/en\/wp-json\/wp\/v2\/pages\/6586\/revisions"}],"predecessor-version":[{"id":6609,"href":"https:\/\/hazel.expert\/en\/wp-json\/wp\/v2\/pages\/6586\/revisions\/6609"}],"up":[{"embeddable":true,"href":"https:\/\/hazel.expert\/en\/wp-json\/wp\/v2\/pages\/6250"}],"wp:attachment":[{"href":"https:\/\/hazel.expert\/en\/wp-json\/wp\/v2\/media?parent=6586"}],"curies":[{"name":"wp","href":"https:\/\/api.w.org\/{rel}","templated":true}]}}